{"id":427,"date":"2011-05-20T20:31:57","date_gmt":"2011-05-20T19:31:57","guid":{"rendered":"http:\/\/speichenhetzer.de\/?page_id=427"},"modified":"2026-02-20T03:58:17","modified_gmt":"2026-02-20T01:58:17","slug":"das-reglement","status":"publish","type":"page","link":"https:\/\/speichenhetzer.de\/?page_id=427","title":{"rendered":"Das Reglement"},"content":{"rendered":"<p><img decoding=\"async\" class=\"aligncenter size-full wp-image-1180\" src=\"https:\/\/speichenhetzer.de\/wp-content\/uploads\/2011\/05\/Bikepolo3-Kopie.jpg\" alt=\"\" \/><\/p>\n<p><strong>Das Reglement <\/strong><\/p>\n<p><strong><em>Bikepolo Trier <\/em><\/strong><\/p>\n<p><strong><em>(nachRegeln des NewYorkerBikepolos)<\/em><\/strong><\/p>\n<p>&nbsp;<\/p>\n<p><strong><span style=\"text-decoration: underline;\">die Fahrr\u00e4der<\/span><\/strong><\/p>\n<p>Im \u00a0Einvernehmen \u00a0der Teilnehmer, jedes vonFu\u00df getriebene Zweirad<\/p>\n<p>&nbsp;<\/p>\n<p><strong><span style=\"text-decoration: underline;\">dieKontrahenten<\/span><\/strong><\/p>\n<p>Je\u00a0 drei Spieler, ohne Auswechselspieler<\/p>\n<p>&nbsp;<\/p>\n<p><strong><span style=\"text-decoration: underline;\">dasEquipment<\/span><\/strong><\/p>\n<p>Die Schl\u00e4gersicherheit unterliegt dem Auge der Jury<\/p>\n<p>Der Schl\u00e4gerstab kann wahlweise aus einem\u00a0 handels\u00fcblichen Besenstiehl, Skistock oder einem Bambusrohr bestehen und eine definierte Grundl\u00e4nge von ca. 1m besitzen \u00a0{80cm min. &#8211; 100cm max. }.<\/p>\n<p>Der Schl\u00e4gerkopf ist vorzugsweise aus Platik (eventuell Holz, <span style=\"text-decoration: underline;\">KEIN<\/span> Metall) zu fertigen.<\/p>\n<p>Je nach Personalisierung besitzt der Schl\u00e4gerkopf in Zylinderform eine L\u00e4nge von {15cm min. -18 cm max.}.<\/p>\n<p>Der Ball ist ein gew\u00f6hnlicher Streethockeyball, der ein Gewicht zwischen\u00a0 170g min. &#8211; 180g max. hat.<\/p>\n<p>&nbsp;<\/p>\n<p><strong><span style=\"text-decoration: underline;\">Ersatz<\/span><\/strong><\/p>\n<p>Austauschmaterial erlaubt, solang Spielfluss nicht beeintr\u00e4chtigt wird.<\/p>\n<p>&nbsp;<\/p>\n<p><strong><span style=\"text-decoration: underline;\">das Spiel<\/span><\/strong><\/p>\n<p>&nbsp;<\/p>\n<p>Die Spieldauer betr\u00e4gt 10min\u00a0 bzw. das Erreichen von 4-6 Toren \u00a0proTeam.<\/p>\n<p>Endspiele sind mit 15min anzusetzen bzw. das Erreichen von 5 Toren\u00a0 proTeam.<\/p>\n<p>Bei Spielbeginn befinden sich alle Spieler auf der Torlinie ihres Heimattores.<\/p>\n<p>Der Ball befindet sich im Mittelpunkt des Spiefeldes.<\/p>\n<p>Auf Zeichen der Jury startet das Spiel.<\/p>\n<p>Die Tore besitzen von Pfosten zu Pfosten eine Breite von ca. 150cm.<\/p>\n<p>Pfosten werden zumeist H\u00fctchen bilden. Bei Umwerfen eines H\u00fctchens durch forsches Spielverhalten etc. muss das H\u00fctchen wieder sofort instandgesetzt werden.<\/p>\n<p>W\u00e4hrend des Wiederaufstellen des H\u00fctchens erzielte Tore gelten nach Ermessen der ans\u00e4ssigen Jury.<\/p>\n<p>Tore\u00a0 sind nur durch den Schuss mit dem Schl\u00e4gerkopf g\u00fcltig! Erzielte Punkte mit der Schl\u00e4gerseite sind <span style=\"text-decoration: underline;\">nichtig<\/span>.<\/p>\n<p>Nach dem erzielen eines Tores befinden sich beide Mannschaften vor Wiederansto\u00df in ihrer eigenen Spielh\u00e4lfte.<\/p>\n<p>Ansto\u00dfrecht besitzt das Team, das ein Gegentor kassiert hat.<\/p>\n<p>Folgerichtig wird der aktuelle Punktestand laut und deutlich ausgerufen.<\/p>\n<p>Wenn ein Ball von Hinten in das Tor rollt muss er im Anschluss erst wieder von zwei Spieler ber\u00fchrt werden um ein Tor zu erzielen.<\/p>\n<p>Schl\u00e4ger\/Schl\u00e4ger, Fahrrad\/Fahrrad sowie Spieler\/Spieler Kontakt sind erlaubt. Jedoch <span style=\"text-decoration: underline;\">nicht <\/span>mit den H\u00e4nden, zudem angemessener Umgang mit dem Gegenspieler!<\/p>\n<p>Sogenanntes \u00a0,,Schl\u00e4gerwerfen&#8221; ist ausdr\u00fccklich untersagt-<\/p>\n<p>Wenn der Fu\u00df eines Spielers am Boden war, muss er eine bereitstehende Hupe am Spielfeldrad bet\u00e4tigen um wieder aktiv am Spielgeschehen teilnehmen zu d\u00fcrfen.<\/p>\n<p>Copyright by Speichenhetzer.de<\/p>\n<p>&nbsp;<\/p>\n","protected":false},"excerpt":{"rendered":"<p>Das Reglement Bikepolo Trier (nachRegeln des NewYorkerBikepolos) &nbsp; die Fahrr\u00e4der Im \u00a0Einvernehmen \u00a0der Teilnehmer, jedes vonFu\u00df getriebene Zweirad &nbsp; dieKontrahenten Je\u00a0 drei Spieler, ohne Auswechselspieler &nbsp; dasEquipment Die Schl\u00e4gersicherheit unterliegt dem Auge der Jury Der Schl\u00e4gerstab kann wahlweise aus einem\u00a0 handels\u00fcblichen Besenstiehl, Skistock oder einem Bambusrohr bestehen und eine definierte Grundl\u00e4nge von ca. 1m besitzen<a class=\"more-link\" href=\"https:\/\/speichenhetzer.de\/?page_id=427\"><span class=\"screen-reader-text\">&#8220;Das Reglement&#8221;<\/span> weiterlesen<\/a><\/p>\n","protected":false},"author":1,"featured_media":0,"parent":378,"menu_order":1,"comment_status":"open","ping_status":"open","template":"","meta":{"footnotes":""},"class_list":["post-427","page","type-page","status-publish","hentry","entry"],"yoast_head":"<!-- This site is optimized with the Yoast SEO plugin v27.0 - https:\/\/yoast.com\/product\/yoast-seo-wordpress\/ -->\n<title>Das Reglement - Speichenhetzer<\/title>\n<meta name=\"robots\" content=\"index, follow, max-snippet:-1, max-image-preview:large, max-video-preview:-1\" \/>\n<link rel=\"canonical\" href=\"https:\/\/speichenhetzer.de\/?page_id=427\" \/>\n<meta property=\"og:locale\" content=\"de_DE\" \/>\n<meta property=\"og:type\" content=\"article\" \/>\n<meta property=\"og:title\" content=\"Das Reglement - Speichenhetzer\" \/>\n<meta property=\"og:description\" content=\"Das Reglement Bikepolo Trier (nachRegeln des NewYorkerBikepolos) &nbsp; die Fahrr\u00e4der Im \u00a0Einvernehmen \u00a0der Teilnehmer, jedes vonFu\u00df getriebene Zweirad &nbsp; dieKontrahenten Je\u00a0 drei Spieler, ohne Auswechselspieler &nbsp; dasEquipment Die Schl\u00e4gersicherheit unterliegt dem Auge der Jury Der Schl\u00e4gerstab kann wahlweise aus einem\u00a0 handels\u00fcblichen Besenstiehl, Skistock oder einem Bambusrohr bestehen und eine definierte Grundl\u00e4nge von ca. 1m besitzen&quot;Das Reglement&quot; weiterlesen\" \/>\n<meta property=\"og:url\" content=\"https:\/\/speichenhetzer.de\/?page_id=427\" \/>\n<meta property=\"og:site_name\" content=\"Speichenhetzer\" \/>\n<meta property=\"article:modified_time\" content=\"2026-02-20T01:58:17+00:00\" \/>\n<meta property=\"og:image\" content=\"https:\/\/speichenhetzer.de\/wp-content\/uploads\/2011\/05\/Bikepolo3-Kopie.jpg\" \/>\n\t<meta property=\"og:image:width\" content=\"1\" \/>\n\t<meta property=\"og:image:height\" content=\"1\" \/>\n\t<meta property=\"og:image:type\" content=\"image\/jpeg\" \/>\n<meta name=\"twitter:card\" content=\"summary_large_image\" \/>\n<meta name=\"twitter:label1\" content=\"Gesch\u00e4tzte Lesezeit\" \/>\n\t<meta name=\"twitter:data1\" content=\"2\u00a0Minuten\" \/>\n<script type=\"application\/ld+json\" class=\"yoast-schema-graph\">{\"@context\":\"https:\/\/schema.org\",\"@graph\":[{\"@type\":\"WebPage\",\"@id\":\"https:\/\/speichenhetzer.de\/?page_id=427\",\"url\":\"https:\/\/speichenhetzer.de\/?page_id=427\",\"name\":\"Das Reglement - Speichenhetzer\",\"isPartOf\":{\"@id\":\"https:\/\/speichenhetzer.de\/#website\"},\"primaryImageOfPage\":{\"@id\":\"https:\/\/speichenhetzer.de\/?page_id=427#primaryimage\"},\"image\":{\"@id\":\"https:\/\/speichenhetzer.de\/?page_id=427#primaryimage\"},\"thumbnailUrl\":\"https:\/\/speichenhetzer.de\/wp-content\/uploads\/2011\/05\/Bikepolo3-Kopie.jpg\",\"datePublished\":\"2011-05-20T19:31:57+00:00\",\"dateModified\":\"2026-02-20T01:58:17+00:00\",\"breadcrumb\":{\"@id\":\"https:\/\/speichenhetzer.de\/?page_id=427#breadcrumb\"},\"inLanguage\":\"de\",\"potentialAction\":[{\"@type\":\"ReadAction\",\"target\":[\"https:\/\/speichenhetzer.de\/?page_id=427\"]}]},{\"@type\":\"ImageObject\",\"inLanguage\":\"de\",\"@id\":\"https:\/\/speichenhetzer.de\/?page_id=427#primaryimage\",\"url\":\"https:\/\/speichenhetzer.de\/wp-content\/uploads\/2011\/05\/Bikepolo3-Kopie.jpg\",\"contentUrl\":\"https:\/\/speichenhetzer.de\/wp-content\/uploads\/2011\/05\/Bikepolo3-Kopie.jpg\"},{\"@type\":\"BreadcrumbList\",\"@id\":\"https:\/\/speichenhetzer.de\/?page_id=427#breadcrumb\",\"itemListElement\":[{\"@type\":\"ListItem\",\"position\":1,\"name\":\"Start\",\"item\":\"https:\/\/speichenhetzer.de\/\"},{\"@type\":\"ListItem\",\"position\":2,\"name\":\"Bikepolo\",\"item\":\"https:\/\/speichenhetzer.de\/?page_id=378\"},{\"@type\":\"ListItem\",\"position\":3,\"name\":\"Das Reglement\"}]},{\"@type\":\"WebSite\",\"@id\":\"https:\/\/speichenhetzer.de\/#website\",\"url\":\"https:\/\/speichenhetzer.de\/\",\"name\":\"Speichenhetzer\",\"description\":\"Fixed Gear und Singlespeed f\u00fcr die Region Trier seit 2011\",\"potentialAction\":[{\"@type\":\"SearchAction\",\"target\":{\"@type\":\"EntryPoint\",\"urlTemplate\":\"https:\/\/speichenhetzer.de\/?s={search_term_string}\"},\"query-input\":{\"@type\":\"PropertyValueSpecification\",\"valueRequired\":true,\"valueName\":\"search_term_string\"}}],\"inLanguage\":\"de\"}]}<\/script>\n<!-- \/ Yoast SEO plugin. -->","yoast_head_json":{"title":"Das Reglement - Speichenhetzer","robots":{"index":"index","follow":"follow","max-snippet":"max-snippet:-1","max-image-preview":"max-image-preview:large","max-video-preview":"max-video-preview:-1"},"canonical":"https:\/\/speichenhetzer.de\/?page_id=427","og_locale":"de_DE","og_type":"article","og_title":"Das Reglement - Speichenhetzer","og_description":"Das Reglement Bikepolo Trier (nachRegeln des NewYorkerBikepolos) &nbsp; die Fahrr\u00e4der Im \u00a0Einvernehmen \u00a0der Teilnehmer, jedes vonFu\u00df getriebene Zweirad &nbsp; dieKontrahenten Je\u00a0 drei Spieler, ohne Auswechselspieler &nbsp; dasEquipment Die Schl\u00e4gersicherheit unterliegt dem Auge der Jury Der Schl\u00e4gerstab kann wahlweise aus einem\u00a0 handels\u00fcblichen Besenstiehl, Skistock oder einem Bambusrohr bestehen und eine definierte Grundl\u00e4nge von ca. 1m besitzen\"Das Reglement\" weiterlesen","og_url":"https:\/\/speichenhetzer.de\/?page_id=427","og_site_name":"Speichenhetzer","article_modified_time":"2026-02-20T01:58:17+00:00","og_image":[{"url":"https:\/\/speichenhetzer.de\/wp-content\/uploads\/2011\/05\/Bikepolo3-Kopie.jpg","width":1,"height":1,"type":"image\/jpeg"}],"twitter_card":"summary_large_image","twitter_misc":{"Gesch\u00e4tzte Lesezeit":"2\u00a0Minuten"},"schema":{"@context":"https:\/\/schema.org","@graph":[{"@type":"WebPage","@id":"https:\/\/speichenhetzer.de\/?page_id=427","url":"https:\/\/speichenhetzer.de\/?page_id=427","name":"Das Reglement - Speichenhetzer","isPartOf":{"@id":"https:\/\/speichenhetzer.de\/#website"},"primaryImageOfPage":{"@id":"https:\/\/speichenhetzer.de\/?page_id=427#primaryimage"},"image":{"@id":"https:\/\/speichenhetzer.de\/?page_id=427#primaryimage"},"thumbnailUrl":"https:\/\/speichenhetzer.de\/wp-content\/uploads\/2011\/05\/Bikepolo3-Kopie.jpg","datePublished":"2011-05-20T19:31:57+00:00","dateModified":"2026-02-20T01:58:17+00:00","breadcrumb":{"@id":"https:\/\/speichenhetzer.de\/?page_id=427#breadcrumb"},"inLanguage":"de","potentialAction":[{"@type":"ReadAction","target":["https:\/\/speichenhetzer.de\/?page_id=427"]}]},{"@type":"ImageObject","inLanguage":"de","@id":"https:\/\/speichenhetzer.de\/?page_id=427#primaryimage","url":"https:\/\/speichenhetzer.de\/wp-content\/uploads\/2011\/05\/Bikepolo3-Kopie.jpg","contentUrl":"https:\/\/speichenhetzer.de\/wp-content\/uploads\/2011\/05\/Bikepolo3-Kopie.jpg"},{"@type":"BreadcrumbList","@id":"https:\/\/speichenhetzer.de\/?page_id=427#breadcrumb","itemListElement":[{"@type":"ListItem","position":1,"name":"Start","item":"https:\/\/speichenhetzer.de\/"},{"@type":"ListItem","position":2,"name":"Bikepolo","item":"https:\/\/speichenhetzer.de\/?page_id=378"},{"@type":"ListItem","position":3,"name":"Das Reglement"}]},{"@type":"WebSite","@id":"https:\/\/speichenhetzer.de\/#website","url":"https:\/\/speichenhetzer.de\/","name":"Speichenhetzer","description":"Fixed Gear und Singlespeed f\u00fcr die Region Trier seit 2011","potentialAction":[{"@type":"SearchAction","target":{"@type":"EntryPoint","urlTemplate":"https:\/\/speichenhetzer.de\/?s={search_term_string}"},"query-input":{"@type":"PropertyValueSpecification","valueRequired":true,"valueName":"search_term_string"}}],"inLanguage":"de"}]}},"_links":{"self":[{"href":"https:\/\/speichenhetzer.de\/index.php?rest_route=\/wp\/v2\/pages\/427","targetHints":{"allow":["GET"]}}],"collection":[{"href":"https:\/\/speichenhetzer.de\/index.php?rest_route=\/wp\/v2\/pages"}],"about":[{"href":"https:\/\/speichenhetzer.de\/index.php?rest_route=\/wp\/v2\/types\/page"}],"author":[{"embeddable":true,"href":"https:\/\/speichenhetzer.de\/index.php?rest_route=\/wp\/v2\/users\/1"}],"replies":[{"embeddable":true,"href":"https:\/\/speichenhetzer.de\/index.php?rest_route=%2Fwp%2Fv2%2Fcomments&post=427"}],"version-history":[{"count":8,"href":"https:\/\/speichenhetzer.de\/index.php?rest_route=\/wp\/v2\/pages\/427\/revisions"}],"predecessor-version":[{"id":1791,"href":"https:\/\/speichenhetzer.de\/index.php?rest_route=\/wp\/v2\/pages\/427\/revisions\/1791"}],"up":[{"embeddable":true,"href":"https:\/\/speichenhetzer.de\/index.php?rest_route=\/wp\/v2\/pages\/378"}],"wp:attachment":[{"href":"https:\/\/speichenhetzer.de\/index.php?rest_route=%2Fwp%2Fv2%2Fmedia&parent=427"}],"curies":[{"name":"wp","href":"https:\/\/api.w.org\/{rel}","templated":true}]}}