{"id":433,"date":"2011-05-20T20:34:47","date_gmt":"2011-05-20T19:34:47","guid":{"rendered":"http:\/\/speichenhetzer.de\/?page_id=433"},"modified":"2026-02-20T05:33:33","modified_gmt":"2026-02-20T03:33:33","slug":"bikepolo-home","status":"publish","type":"page","link":"https:\/\/speichenhetzer.de\/?page_id=433","title":{"rendered":""},"content":{"rendered":"<p><a href=\"https:\/\/speichenhetzer.de\/wp-content\/uploads\/2011\/05\/Bikepolo3-Kopie1.jpg\"><img loading=\"lazy\" decoding=\"async\" class=\"size-full wp-image-1071 aligncenter\" src=\"https:\/\/speichenhetzer.de\/wp-content\/uploads\/2012\/01\/1s.jpg\" alt=\"\" width=\"400\" height=\"533\" srcset=\"https:\/\/speichenhetzer.de\/wp-content\/uploads\/2012\/01\/1s.jpg 400w, https:\/\/speichenhetzer.de\/wp-content\/uploads\/2012\/01\/1s-225x300.jpg 225w\" sizes=\"auto, (max-width: 400px) 100vw, 400px\" \/><\/a><\/p>\n<p style=\"text-align: center;\">5. Februar 2011<\/p>\n<p style=\"text-align: center;\">Nun ist es soweit.<\/p>\n<p style=\"text-align: center;\">Mit Speichenhetzer.de hat das erste offizielle Trierer Bikepoloforum er\u00f6ffnet. Mit Rat und Tat wird es allen Fahrradfahrern zur Seite stehen und jedem begeisterten Radpolosportler eine geeignete Kommunikationsplattform bieten.<\/p>\n<p style=\"text-align: center;\">Falls ihr euch fragt was denn Bikepolo ist und wieso eine ganz neue Seite daf\u00fcr aufgebaut wurde kann man euch sagen:<\/p>\n<p style=\"text-align: center;\">Der Grund f\u00fcrs Bikepolospielen ist wie bei jeder Teamsportart vor allem der Spa\u00df an der Sache. Aber auch ein wenig Fahrradbeherschung und Siegeswille ist gefordert um beim Bikepolo voll dabei zu sein. Alle Fahrradinteressierten und Fahrradnarren sind herzlich dazu eingeladen sich n\u00e4her mit Bikepolo zu besch\u00e4ftigen um dann mit ein paar Anderen ein Polo-Spielchen zu machen.<\/p>\n<p style=\"text-align: center;\">Grunds\u00e4tzlich ist Bikepolo wie Polo nur eben auf zwei R\u00e4dern und deutlich spannender als das Original, denn spezielle Regeln wie das Verbot den Fu\u00df w\u00e4hrend des Spiels auf den Boden zu setzen, oder der erlaubte Schl\u00e4ger\/Schl\u00e4ger bzw. Spieler\/Spieler Kontakt k\u00f6nnen Bikepolo zu einem unterhaltsamen kampfbetonten Spiel machen.<\/p>\n<p style=\"text-align: center;\">Dabei hat jedes Team ein eigenes Tor und wie z.b beim Feldhockey muss der Ball so oft wie m\u00f6glich ins gegnerische Tor bef\u00f6rdert werden.<\/p>\n<p style=\"text-align: center;\">Gespielt wird das Ganze in Parkh\u00e4user, wie in Trier auf dem ,,Alleencenter-Sonnendeck&#8221; oder auf kleinen eingez\u00e4unten Fu\u00dfball-Courts sowie auf jedem ebenen, gro\u00dfen freien Platz.<\/p>\n<p style=\"text-align: center;\">Euer Speichenhetzer<\/p>\n<p>&nbsp;<\/p>\n","protected":false},"excerpt":{"rendered":"<p>5. Februar 2011 Nun ist es soweit. Mit Speichenhetzer.de hat das erste offizielle Trierer Bikepoloforum er\u00f6ffnet. Mit Rat und Tat wird es allen Fahrradfahrern zur Seite stehen und jedem begeisterten Radpolosportler eine geeignete Kommunikationsplattform bieten. Falls ihr euch fragt was denn Bikepolo ist und wieso eine ganz neue Seite daf\u00fcr aufgebaut wurde kann man euch<a class=\"more-link\" href=\"https:\/\/speichenhetzer.de\/?page_id=433\"> weiterlesen<\/a><\/p>\n","protected":false},"author":1,"featured_media":0,"parent":378,"menu_order":0,"comment_status":"open","ping_status":"open","template":"","meta":{"footnotes":""},"class_list":["post-433","page","type-page","status-publish","hentry","entry"],"yoast_head":"<!-- This site is optimized with the Yoast SEO plugin v27.0 - https:\/\/yoast.com\/product\/yoast-seo-wordpress\/ -->\n<title>- Speichenhetzer<\/title>\n<meta name=\"robots\" content=\"index, follow, max-snippet:-1, max-image-preview:large, max-video-preview:-1\" \/>\n<link rel=\"canonical\" href=\"https:\/\/speichenhetzer.de\/?page_id=433\" \/>\n<meta property=\"og:locale\" content=\"de_DE\" \/>\n<meta property=\"og:type\" content=\"article\" \/>\n<meta property=\"og:title\" content=\"- Speichenhetzer\" \/>\n<meta property=\"og:description\" content=\"5. Februar 2011 Nun ist es soweit. Mit Speichenhetzer.de hat das erste offizielle Trierer Bikepoloforum er\u00f6ffnet. Mit Rat und Tat wird es allen Fahrradfahrern zur Seite stehen und jedem begeisterten Radpolosportler eine geeignete Kommunikationsplattform bieten. Falls ihr euch fragt was denn Bikepolo ist und wieso eine ganz neue Seite daf\u00fcr aufgebaut wurde kann man euch weiterlesen\" \/>\n<meta property=\"og:url\" content=\"https:\/\/speichenhetzer.de\/?page_id=433\" \/>\n<meta property=\"og:site_name\" content=\"Speichenhetzer\" \/>\n<meta property=\"article:modified_time\" content=\"2026-02-20T03:33:33+00:00\" \/>\n<meta property=\"og:image\" content=\"https:\/\/speichenhetzer.de\/wp-content\/uploads\/2012\/01\/1s.jpg\" \/>\n\t<meta property=\"og:image:width\" content=\"400\" \/>\n\t<meta property=\"og:image:height\" content=\"533\" \/>\n\t<meta property=\"og:image:type\" content=\"image\/jpeg\" \/>\n<meta name=\"twitter:card\" content=\"summary_large_image\" \/>\n<meta name=\"twitter:label1\" content=\"Gesch\u00e4tzte Lesezeit\" \/>\n\t<meta name=\"twitter:data1\" content=\"1\u00a0Minute\" \/>\n<script type=\"application\/ld+json\" class=\"yoast-schema-graph\">{\"@context\":\"https:\/\/schema.org\",\"@graph\":[{\"@type\":\"WebPage\",\"@id\":\"https:\/\/speichenhetzer.de\/?page_id=433\",\"url\":\"https:\/\/speichenhetzer.de\/?page_id=433\",\"name\":\"- Speichenhetzer\",\"isPartOf\":{\"@id\":\"https:\/\/speichenhetzer.de\/#website\"},\"primaryImageOfPage\":{\"@id\":\"https:\/\/speichenhetzer.de\/?page_id=433#primaryimage\"},\"image\":{\"@id\":\"https:\/\/speichenhetzer.de\/?page_id=433#primaryimage\"},\"thumbnailUrl\":\"https:\/\/speichenhetzer.de\/wp-content\/uploads\/2012\/01\/1s.jpg\",\"datePublished\":\"2011-05-20T19:34:47+00:00\",\"dateModified\":\"2026-02-20T03:33:33+00:00\",\"breadcrumb\":{\"@id\":\"https:\/\/speichenhetzer.de\/?page_id=433#breadcrumb\"},\"inLanguage\":\"de\",\"potentialAction\":[{\"@type\":\"ReadAction\",\"target\":[\"https:\/\/speichenhetzer.de\/?page_id=433\"]}]},{\"@type\":\"ImageObject\",\"inLanguage\":\"de\",\"@id\":\"https:\/\/speichenhetzer.de\/?page_id=433#primaryimage\",\"url\":\"https:\/\/speichenhetzer.de\/wp-content\/uploads\/2012\/01\/1s.jpg\",\"contentUrl\":\"https:\/\/speichenhetzer.de\/wp-content\/uploads\/2012\/01\/1s.jpg\",\"width\":\"400\",\"height\":\"533\"},{\"@type\":\"BreadcrumbList\",\"@id\":\"https:\/\/speichenhetzer.de\/?page_id=433#breadcrumb\",\"itemListElement\":[{\"@type\":\"ListItem\",\"position\":1,\"name\":\"Start\",\"item\":\"https:\/\/speichenhetzer.de\/\"},{\"@type\":\"ListItem\",\"position\":2,\"name\":\"Bikepolo\",\"item\":\"https:\/\/speichenhetzer.de\/?page_id=378\"}]},{\"@type\":\"WebSite\",\"@id\":\"https:\/\/speichenhetzer.de\/#website\",\"url\":\"https:\/\/speichenhetzer.de\/\",\"name\":\"Speichenhetzer\",\"description\":\"Fixed Gear und Singlespeed f\u00fcr die Region Trier seit 2011\",\"potentialAction\":[{\"@type\":\"SearchAction\",\"target\":{\"@type\":\"EntryPoint\",\"urlTemplate\":\"https:\/\/speichenhetzer.de\/?s={search_term_string}\"},\"query-input\":{\"@type\":\"PropertyValueSpecification\",\"valueRequired\":true,\"valueName\":\"search_term_string\"}}],\"inLanguage\":\"de\"}]}<\/script>\n<!-- \/ Yoast SEO plugin. -->","yoast_head_json":{"title":"- Speichenhetzer","robots":{"index":"index","follow":"follow","max-snippet":"max-snippet:-1","max-image-preview":"max-image-preview:large","max-video-preview":"max-video-preview:-1"},"canonical":"https:\/\/speichenhetzer.de\/?page_id=433","og_locale":"de_DE","og_type":"article","og_title":"- Speichenhetzer","og_description":"5. Februar 2011 Nun ist es soweit. Mit Speichenhetzer.de hat das erste offizielle Trierer Bikepoloforum er\u00f6ffnet. Mit Rat und Tat wird es allen Fahrradfahrern zur Seite stehen und jedem begeisterten Radpolosportler eine geeignete Kommunikationsplattform bieten. Falls ihr euch fragt was denn Bikepolo ist und wieso eine ganz neue Seite daf\u00fcr aufgebaut wurde kann man euch weiterlesen","og_url":"https:\/\/speichenhetzer.de\/?page_id=433","og_site_name":"Speichenhetzer","article_modified_time":"2026-02-20T03:33:33+00:00","og_image":[{"width":400,"height":533,"url":"https:\/\/speichenhetzer.de\/wp-content\/uploads\/2012\/01\/1s.jpg","type":"image\/jpeg"}],"twitter_card":"summary_large_image","twitter_misc":{"Gesch\u00e4tzte Lesezeit":"1\u00a0Minute"},"schema":{"@context":"https:\/\/schema.org","@graph":[{"@type":"WebPage","@id":"https:\/\/speichenhetzer.de\/?page_id=433","url":"https:\/\/speichenhetzer.de\/?page_id=433","name":"- Speichenhetzer","isPartOf":{"@id":"https:\/\/speichenhetzer.de\/#website"},"primaryImageOfPage":{"@id":"https:\/\/speichenhetzer.de\/?page_id=433#primaryimage"},"image":{"@id":"https:\/\/speichenhetzer.de\/?page_id=433#primaryimage"},"thumbnailUrl":"https:\/\/speichenhetzer.de\/wp-content\/uploads\/2012\/01\/1s.jpg","datePublished":"2011-05-20T19:34:47+00:00","dateModified":"2026-02-20T03:33:33+00:00","breadcrumb":{"@id":"https:\/\/speichenhetzer.de\/?page_id=433#breadcrumb"},"inLanguage":"de","potentialAction":[{"@type":"ReadAction","target":["https:\/\/speichenhetzer.de\/?page_id=433"]}]},{"@type":"ImageObject","inLanguage":"de","@id":"https:\/\/speichenhetzer.de\/?page_id=433#primaryimage","url":"https:\/\/speichenhetzer.de\/wp-content\/uploads\/2012\/01\/1s.jpg","contentUrl":"https:\/\/speichenhetzer.de\/wp-content\/uploads\/2012\/01\/1s.jpg","width":"400","height":"533"},{"@type":"BreadcrumbList","@id":"https:\/\/speichenhetzer.de\/?page_id=433#breadcrumb","itemListElement":[{"@type":"ListItem","position":1,"name":"Start","item":"https:\/\/speichenhetzer.de\/"},{"@type":"ListItem","position":2,"name":"Bikepolo","item":"https:\/\/speichenhetzer.de\/?page_id=378"}]},{"@type":"WebSite","@id":"https:\/\/speichenhetzer.de\/#website","url":"https:\/\/speichenhetzer.de\/","name":"Speichenhetzer","description":"Fixed Gear und Singlespeed f\u00fcr die Region Trier seit 2011","potentialAction":[{"@type":"SearchAction","target":{"@type":"EntryPoint","urlTemplate":"https:\/\/speichenhetzer.de\/?s={search_term_string}"},"query-input":{"@type":"PropertyValueSpecification","valueRequired":true,"valueName":"search_term_string"}}],"inLanguage":"de"}]}},"_links":{"self":[{"href":"https:\/\/speichenhetzer.de\/index.php?rest_route=\/wp\/v2\/pages\/433","targetHints":{"allow":["GET"]}}],"collection":[{"href":"https:\/\/speichenhetzer.de\/index.php?rest_route=\/wp\/v2\/pages"}],"about":[{"href":"https:\/\/speichenhetzer.de\/index.php?rest_route=\/wp\/v2\/types\/page"}],"author":[{"embeddable":true,"href":"https:\/\/speichenhetzer.de\/index.php?rest_route=\/wp\/v2\/users\/1"}],"replies":[{"embeddable":true,"href":"https:\/\/speichenhetzer.de\/index.php?rest_route=%2Fwp%2Fv2%2Fcomments&post=433"}],"version-history":[{"count":20,"href":"https:\/\/speichenhetzer.de\/index.php?rest_route=\/wp\/v2\/pages\/433\/revisions"}],"predecessor-version":[{"id":1794,"href":"https:\/\/speichenhetzer.de\/index.php?rest_route=\/wp\/v2\/pages\/433\/revisions\/1794"}],"up":[{"embeddable":true,"href":"https:\/\/speichenhetzer.de\/index.php?rest_route=\/wp\/v2\/pages\/378"}],"wp:attachment":[{"href":"https:\/\/speichenhetzer.de\/index.php?rest_route=%2Fwp%2Fv2%2Fmedia&parent=433"}],"curies":[{"name":"wp","href":"https:\/\/api.w.org\/{rel}","templated":true}]}}